{"id":2979,"date":"2021-02-06T15:41:58","date_gmt":"2021-02-06T15:41:58","guid":{"rendered":"https:\/\/www.fabrazi.com\/?post_type=product&#038;p=2979"},"modified":"2024-10-23T13:22:51","modified_gmt":"2024-10-23T10:22:51","slug":"bent-axis-piston-pump-12cc-to-125cc","status":"publish","type":"product","link":"https:\/\/www.fabrazi.com\/ar\/shop\/bent-axis-piston-pump-12cc-to-125cc\/","title":{"rendered":"Bent Axis Piston Pump (12cc to 125cc)"},"content":{"rendered":"<table id=\"tablepress-11-no-2\" class=\"tablepress tablepress-id-11 dataTable no-footer\" role=\"grid\">\n<thead>\n<tr class=\"row-1 odd\" role=\"row\">\n<th class=\"column-1 sorting_disabled\" colspan=\"1\" rowspan=\"1\">Code<\/th>\n<th class=\"column-2 sorting_disabled\" colspan=\"1\" rowspan=\"1\">Description<\/th>\n<th class=\"column-3 sorting_disabled\" colspan=\"1\" rowspan=\"1\">Displacement<br \/>\n(cc)<\/th>\n<th class=\"column-4 sorting_disabled\" colspan=\"1\" rowspan=\"1\">Rotation<\/th>\n<\/tr>\n<\/thead>\n<tbody class=\"row-hover\">\n<tr class=\"row-2 even\">\n<td class=\"column-1\">10701211<\/td>\n<td class=\"column-2\">12 CC BENT AXIS PISTON PUMP<\/td>\n<td class=\"column-3\">12 cc<\/td>\n<td class=\"column-4\">Left<\/td>\n<\/tr>\n<tr class=\"row-3 odd\">\n<td class=\"column-1\">10701212<\/td>\n<td class=\"column-2\">12 CC BENT AXIS PISTON PUMP<\/td>\n<td class=\"column-3\">12 cc<\/td>\n<td class=\"column-4\">Right<\/td>\n<\/tr>\n<tr class=\"row-4 even\">\n<td class=\"column-1\">10701711<\/td>\n<td class=\"column-2\">17 CC BENT AXIS PISTON PUMP<\/td>\n<td class=\"column-3\">17 cc<\/td>\n<td class=\"column-4\">Left<\/td>\n<\/tr>\n<tr class=\"row-5 odd\">\n<td class=\"column-1\">10701712<\/td>\n<td class=\"column-2\">17 CC BENT AXIS PISTON PUMP<\/td>\n<td class=\"column-3\">17 cc<\/td>\n<td class=\"column-4\">Right<\/td>\n<\/tr>\n<tr class=\"row-6 even\">\n<td class=\"column-1\">10702211<\/td>\n<td class=\"column-2\">22 CC BENT AXIS PISTON PUMP<\/td>\n<td class=\"column-3\">22 cc<\/td>\n<td class=\"column-4\">Left<\/td>\n<\/tr>\n<tr class=\"row-7 odd\">\n<td class=\"column-1\">10702212<\/td>\n<td class=\"column-2\">22 CC BENT AXIS PISTON PUMP<\/td>\n<td class=\"column-3\">22 cc<\/td>\n<td class=\"column-4\">Right<\/td>\n<\/tr>\n<tr class=\"row-8 even\">\n<td class=\"column-1\">10703311<\/td>\n<td class=\"column-2\">33 CC BENT AXIS PISTON PUMP<\/td>\n<td class=\"column-3\">33 cc<\/td>\n<td class=\"column-4\">Left<\/td>\n<\/tr>\n<tr class=\"row-9 odd\">\n<td class=\"column-1\">10703312<\/td>\n<td class=\"column-2\">33 CC BENT AXIS PISTON PUMP<\/td>\n<td class=\"column-3\">33 cc<\/td>\n<td class=\"column-4\">Right<\/td>\n<\/tr>\n<tr class=\"row-10 even\">\n<td class=\"column-1\">10704511<\/td>\n<td class=\"column-2\">45 CC BENT AXIS PISTON PUMP<\/td>\n<td class=\"column-3\">45 cc<\/td>\n<td class=\"column-4\">Left<\/td>\n<\/tr>\n<tr class=\"row-11 odd\">\n<td class=\"column-1\">10704512<\/td>\n<td class=\"column-2\">45 CC BENT AXIS PISTON PUMP<\/td>\n<td class=\"column-3\">45 cc<\/td>\n<td class=\"column-4\">Right<\/td>\n<\/tr>\n<tr class=\"row-12 even\">\n<td class=\"column-1\">10705611<\/td>\n<td class=\"column-2\">56 CC BENT AXIS PISTON PUMP<\/td>\n<td class=\"column-3\">56 cc<\/td>\n<td class=\"column-4\">Left<\/td>\n<\/tr>\n<tr class=\"row-13 odd\">\n<td class=\"column-1\">10705612<\/td>\n<td class=\"column-2\">56 CC BENT AXIS PISTON PUMP<\/td>\n<td class=\"column-3\">56 cc<\/td>\n<td class=\"column-4\">Right<\/td>\n<\/tr>\n<tr class=\"row-14 even\">\n<td class=\"column-1\">10706511<\/td>\n<td class=\"column-2\">65 CC BENT AXIS PISTON PUMP<\/td>\n<td class=\"column-3\">65 cc<\/td>\n<td class=\"column-4\">Left<\/td>\n<\/tr>\n<tr class=\"row-15 odd\">\n<td class=\"column-1\">10706512<\/td>\n<td class=\"column-2\">65 CC BENT AXIS PISTON PUMP<\/td>\n<td class=\"column-3\">65 cc<\/td>\n<td class=\"column-4\">Right<\/td>\n<\/tr>\n<tr class=\"row-16 even\">\n<td class=\"column-1\">10708011<\/td>\n<td class=\"column-2\">80 CC BENT AXIS PISTON PUMP<\/td>\n<td class=\"column-3\">80 cc<\/td>\n<td class=\"column-4\">Left<\/td>\n<\/tr>\n<tr class=\"row-17 odd\">\n<td class=\"column-1\">10708012<\/td>\n<td class=\"column-2\">80 CC BENT AXIS PISTON PUMP<\/td>\n<td class=\"column-3\">80 cc<\/td>\n<td class=\"column-4\">Right<\/td>\n<\/tr>\n<tr class=\"row-18 even\">\n<td class=\"column-1\">10710711<\/td>\n<td class=\"column-2\">107 CC BENT AXIS PISTON PUMP<\/td>\n<td class=\"column-3\">107 cc<\/td>\n<td class=\"column-4\">Left<\/td>\n<\/tr>\n<tr class=\"row-19 odd\">\n<td class=\"column-1\">10710712<\/td>\n<td class=\"column-2\">107 CC BENT AXIS PISTON PUMP<\/td>\n<td class=\"column-3\">107 cc<\/td>\n<td class=\"column-4\">Right<\/td>\n<\/tr>\n<tr class=\"row-20 even\">\n<td class=\"column-1\">10712511<\/td>\n<td class=\"column-2\">125 CC BENT AXIS PISTON PUMP<\/td>\n<td class=\"column-3\">125 cc<\/td>\n<td class=\"column-4\">Left<\/td>\n<\/tr>\n<tr class=\"row-21 odd\">\n<td class=\"column-1\">10712512<\/td>\n<td class=\"column-2\">125 CC BENT AXIS PISTON PUMP<\/td>\n<td class=\"column-3\">125 cc<\/td>\n<td class=\"column-4\">Right<\/td>\n<\/tr>\n<\/tbody>\n<\/table>\n<p><span style=\"font-size: 9px;\">piston pump, dumper pump, pump of tipper truck, pump for Crane truck, pump for garbage truck, Crane pump, bomba de piston, pistonlu pompa, damper pompas\u0131, vin\u00e7 pompas\u0131<\/span><\/p>","protected":false},"excerpt":{"rendered":"<p>Code Description Displacement (cc) Rotation 10701211 12 CC BENT AXIS PISTON PUMP 12 cc Left 10701212 12 CC BENT AXIS PISTON PUMP 12 cc Right 10701711 17 CC BENT AXIS PISTON PUMP 17 cc Left 10701712 17 CC BENT AXIS PISTON PUMP 17 cc Right 10702211 22 CC BENT AXIS PISTON PUMP 22 cc Left [&hellip;]<\/p>","protected":false},"featured_media":4856,"template":"","meta":{"_monsterinsights_skip_tracking":false,"_monsterinsights_sitenote_active":false,"_monsterinsights_sitenote_note":"","_monsterinsights_sitenote_category":0},"product_cat":[218],"product_tag":[],"_links":{"self":[{"href":"https:\/\/www.fabrazi.com\/ar\/wp-json\/wp\/v2\/product\/2979"}],"collection":[{"href":"https:\/\/www.fabrazi.com\/ar\/wp-json\/wp\/v2\/product"}],"about":[{"href":"https:\/\/www.fabrazi.com\/ar\/wp-json\/wp\/v2\/types\/product"}],"wp:featuredmedia":[{"embeddable":true,"href":"https:\/\/www.fabrazi.com\/ar\/wp-json\/wp\/v2\/media\/4856"}],"wp:attachment":[{"href":"https:\/\/www.fabrazi.com\/ar\/wp-json\/wp\/v2\/media?parent=2979"}],"wp:term":[{"taxonomy":"product_cat","embeddable":true,"href":"https:\/\/www.fabrazi.com\/ar\/wp-json\/wp\/v2\/product_cat?post=2979"},{"taxonomy":"product_tag","embeddable":true,"href":"https:\/\/www.fabrazi.com\/ar\/wp-json\/wp\/v2\/product_tag?post=2979"}],"curies":[{"name":"wp","href":"https:\/\/api.w.org\/{rel}","templated":true}]}}