{"id":2982,"date":"2021-02-06T15:46:39","date_gmt":"2021-02-06T15:46:39","guid":{"rendered":"https:\/\/www.fabrazi.com\/?post_type=product&#038;p=2982"},"modified":"2024-10-23T13:18:25","modified_gmt":"2024-10-23T10:18:25","slug":"85-cc-9-piston-pump","status":"publish","type":"product","link":"https:\/\/www.fabrazi.com\/ar\/shop\/85-cc-9-piston-pump\/","title":{"rendered":"9 Piston Pump (Medium Duty)"},"content":{"rendered":"<table id=\"tablepress-17\" class=\"tablepress tablepress-id-17\">\n<thead>\n<tr class=\"row-1 odd\">\n\t<th class=\"column-1\">Code<\/th><th class=\"column-2\">Description<\/th><th class=\"column-3\">Displacement<br \/>\n(cc)<\/th><th class=\"column-4\">Rotation<\/th>\n<\/tr>\n<\/thead>\n<tbody class=\"row-hover\">\n<tr class=\"row-2 even\">\n\t<td class=\"column-1\">10908513<\/td><td class=\"column-2\">9 PISTON PUMP 85 CC - ISO <br \/>\n(4 Hole)<\/td><td class=\"column-3\">85<\/td><td class=\"column-4\">Bi-Direction<\/td>\n<\/tr>\n<tr class=\"row-3 odd\">\n\t<td class=\"column-1\">10910513<\/td><td class=\"column-2\">9 PISTON PUMP 105 CC - ISO <br \/>\n(4 Hole)<\/td><td class=\"column-3\">105<\/td><td class=\"column-4\">Bi-Direction<\/td>\n<\/tr>\n<\/tbody>\n<\/table>\n<!-- #tablepress-17 from cache -->\n<p><span style=\"font-size: 9px;\">piston pump, dumper pump, pump of tipper truck, pump for Crane truck, pump for garbage truck, Crane pump, bomba de piston, pistonlu pompa, damper pompas\u0131, vin\u00e7 pompas\u0131<\/span><\/p>","protected":false},"excerpt":{"rendered":"<p>piston pump, dumper pump, pump of tipper truck, pump for Crane truck, pump for garbage truck, Crane pump, bomba de piston, pistonlu pompa, damper pompas\u0131, vin\u00e7 pompas\u0131<\/p>","protected":false},"featured_media":4855,"template":"","meta":{"_monsterinsights_skip_tracking":false,"_monsterinsights_sitenote_active":false,"_monsterinsights_sitenote_note":"","_monsterinsights_sitenote_category":0},"product_cat":[219],"product_tag":[],"_links":{"self":[{"href":"https:\/\/www.fabrazi.com\/ar\/wp-json\/wp\/v2\/product\/2982"}],"collection":[{"href":"https:\/\/www.fabrazi.com\/ar\/wp-json\/wp\/v2\/product"}],"about":[{"href":"https:\/\/www.fabrazi.com\/ar\/wp-json\/wp\/v2\/types\/product"}],"wp:featuredmedia":[{"embeddable":true,"href":"https:\/\/www.fabrazi.com\/ar\/wp-json\/wp\/v2\/media\/4855"}],"wp:attachment":[{"href":"https:\/\/www.fabrazi.com\/ar\/wp-json\/wp\/v2\/media?parent=2982"}],"wp:term":[{"taxonomy":"product_cat","embeddable":true,"href":"https:\/\/www.fabrazi.com\/ar\/wp-json\/wp\/v2\/product_cat?post=2982"},{"taxonomy":"product_tag","embeddable":true,"href":"https:\/\/www.fabrazi.com\/ar\/wp-json\/wp\/v2\/product_tag?post=2982"}],"curies":[{"name":"wp","href":"https:\/\/api.w.org\/{rel}","templated":true}]}}