{"id":4859,"date":"2021-08-14T16:57:51","date_gmt":"2021-08-14T16:57:51","guid":{"rendered":"https:\/\/www.fabrazi.com\/?post_type=product&#038;p=4859"},"modified":"2024-10-23T13:27:34","modified_gmt":"2024-10-23T10:27:34","slug":"10-piston-pump-heavy-duty-crane","status":"publish","type":"product","link":"https:\/\/www.fabrazi.com\/ar\/shop\/10-piston-pump-heavy-duty-crane\/","title":{"rendered":"10 Piston Pump (Heavy Duty-Crane)"},"content":{"rendered":"<table id=\"tablepress-17-no-2\" class=\"tablepress tablepress-id-17 dataTable no-footer\" role=\"grid\" aria-describedby=\"tablepress-17-no-2_info\">\n<thead>\n<tr class=\"row-1 odd\" role=\"row\">\n<th class=\"column-1 sorting\" tabindex=\"0\" colspan=\"1\" rowspan=\"1\" aria-controls=\"tablepress-17-no-2\" aria-label=\"Code: activate to sort column ascending\">Code<\/th>\n<th class=\"column-2 sorting\" tabindex=\"0\" colspan=\"1\" rowspan=\"1\" aria-controls=\"tablepress-17-no-2\" aria-label=\"Description: activate to sort column ascending\">Description<\/th>\n<th class=\"column-3 sorting\" tabindex=\"0\" colspan=\"1\" rowspan=\"1\" aria-controls=\"tablepress-17-no-2\" aria-label=\"Displacement (cc): activate to sort column ascending\">Displacement<br \/>\n(cc)<\/th>\n<th class=\"column-4 sorting\" tabindex=\"0\" colspan=\"1\" rowspan=\"1\" aria-controls=\"tablepress-17-no-2\" aria-label=\"Rotation: activate to sort column ascending\">Rotation<\/th>\n<\/tr>\n<\/thead>\n<tbody class=\"row-hover\">\n<tr class=\"row-2 even\">\n<td class=\"column-1\">11008013<\/td>\n<td class=\"column-2\">10 PISTON PUMP 80 CC &#8211; ISO<br \/>\n(4 Hole)<\/td>\n<td class=\"column-3\">80<\/td>\n<td class=\"column-4\">Bi-Direction<\/td>\n<\/tr>\n<tr class=\"row-3 odd\">\n<td class=\"column-1\">110090\u00a0 13<\/td>\n<td class=\"column-2\">10 PISTON PUMP 90 CC &#8211; ISO<br \/>\n(4 Hole)<\/td>\n<td class=\"column-3\">90<\/td>\n<td class=\"column-4\">Bi-Direction<\/td>\n<\/tr>\n<\/tbody>\n<\/table>\n<p><span style=\"font-size: 9px;\">pistonlu pompa, damper pompas\u0131, vin\u00e7 pompas\u0131, piston pump, dumper pump, pump of tipper truck, pump for Crane truck, pump for garbage truck, Crane pump, bomba\u00a0de\u00a0piston<\/span><\/p>","protected":false},"excerpt":{"rendered":"<p>Code Description Displacement (cc) Rotation 11008013 10 PISTON PUMP 80 CC &#8211; ISO (4 Hole) 80 Bi-Direction 110090\u00a0 13 10 PISTON PUMP 90 CC &#8211; ISO (4 Hole) 90 Bi-Direction pistonlu pompa, damper pompas\u0131, vin\u00e7 pompas\u0131, piston pump, dumper pump, pump of tipper truck, pump for Crane truck, pump for garbage truck, Crane pump, bomba\u00a0de\u00a0piston<\/p>","protected":false},"featured_media":4858,"template":"","meta":{"_monsterinsights_skip_tracking":false,"_monsterinsights_sitenote_active":false,"_monsterinsights_sitenote_note":"","_monsterinsights_sitenote_category":0},"product_cat":[169,219],"product_tag":[],"_links":{"self":[{"href":"https:\/\/www.fabrazi.com\/ar\/wp-json\/wp\/v2\/product\/4859"}],"collection":[{"href":"https:\/\/www.fabrazi.com\/ar\/wp-json\/wp\/v2\/product"}],"about":[{"href":"https:\/\/www.fabrazi.com\/ar\/wp-json\/wp\/v2\/types\/product"}],"wp:featuredmedia":[{"embeddable":true,"href":"https:\/\/www.fabrazi.com\/ar\/wp-json\/wp\/v2\/media\/4858"}],"wp:attachment":[{"href":"https:\/\/www.fabrazi.com\/ar\/wp-json\/wp\/v2\/media?parent=4859"}],"wp:term":[{"taxonomy":"product_cat","embeddable":true,"href":"https:\/\/www.fabrazi.com\/ar\/wp-json\/wp\/v2\/product_cat?post=4859"},{"taxonomy":"product_tag","embeddable":true,"href":"https:\/\/www.fabrazi.com\/ar\/wp-json\/wp\/v2\/product_tag?post=4859"}],"curies":[{"name":"wp","href":"https:\/\/api.w.org\/{rel}","templated":true}]}}