{"id":5007,"date":"2024-10-24T14:14:41","date_gmt":"2024-10-24T11:14:41","guid":{"rendered":"https:\/\/www.fabrazi.com\/?post_type=product&#038;p=5007"},"modified":"2024-11-12T14:27:26","modified_gmt":"2024-11-12T11:27:26","slug":"bent-axis-hydraulic-piston-pump-sae-c-flange-4-hole","status":"publish","type":"product","link":"https:\/\/www.fabrazi.com\/ar\/shop\/bent-axis-hydraulic-piston-pump-sae-c-flange-4-hole\/","title":{"rendered":"BENT AXIS PISTON PUMP &#8211; SAE C FLANGE (4 HOLE)"},"content":{"rendered":"<p>&nbsp;<\/p>\n<table id=\"tablepress-11-no-2\" class=\"tablepress tablepress-id-11 dataTable no-footer\" role=\"grid\">\n<thead>\n<tr class=\"row-1 odd\" role=\"row\">\n<th class=\"column-1 sorting_disabled\" colspan=\"1\" rowspan=\"1\">Code<\/th>\n<th class=\"column-2 sorting_disabled\" colspan=\"1\" rowspan=\"1\">Description<\/th>\n<th class=\"column-3 sorting_disabled\" colspan=\"1\" rowspan=\"1\">Displacement<br \/>\n(cc)<\/th>\n<th class=\"column-4 sorting_disabled\" colspan=\"1\" rowspan=\"1\">Rotation<\/th>\n<\/tr>\n<\/thead>\n<tbody class=\"row-hover\">\n<tr class=\"row-2 even\">\n<td class=\"column-1\">10705641<\/td>\n<td class=\"column-2\">56 CC BENT AXIS PISTON PUMP<\/td>\n<td class=\"column-3\">56 cc<\/td>\n<td class=\"column-4\">Left<\/td>\n<\/tr>\n<tr class=\"row-3 odd\">\n<td class=\"column-1\">10705642<\/td>\n<td class=\"column-2\">56 CC BENT AXIS PISTON PUMP<\/td>\n<td class=\"column-3\">56 cc<\/td>\n<td class=\"column-4\">Right<\/td>\n<\/tr>\n<tr class=\"row-4 even\">\n<td class=\"column-1\">10706341<\/td>\n<td class=\"column-2\">63 CC BENT AXIS PISTON PUMP<\/td>\n<td class=\"column-3\">63 cc<\/td>\n<td class=\"column-4\">Left<\/td>\n<\/tr>\n<tr class=\"row-5 odd\">\n<td class=\"column-1\">10706342<\/td>\n<td class=\"column-2\">63 CC BENT AXIS PISTON PUMP<\/td>\n<td class=\"column-3\">63 cc<\/td>\n<td class=\"column-4\">Right<\/td>\n<\/tr>\n<\/tbody>\n<\/table>\n<p><span style=\"font-size: 9px;\">piston pump, dumper pump, pump of tipper truck, pump for Crane truck, pump for garbage truck, Crane pump, bomba de piston, pistonlu pompa, damper pompas\u0131, vin\u00e7 pompas\u0131<\/span><\/p>","protected":false},"excerpt":{"rendered":"<p>&nbsp; Code Description Displacement (cc) Rotation 10705641 56 CC BENT AXIS PISTON PUMP 56 cc Left 10705642 56 CC BENT AXIS PISTON PUMP 56 cc Right 10706341 63 CC BENT AXIS PISTON PUMP 63 cc Left 10706342 63 CC BENT AXIS PISTON PUMP 63 cc Right piston pump, dumper pump, pump of tipper truck, pump [&hellip;]<\/p>","protected":false},"featured_media":5008,"template":"","meta":{"_monsterinsights_skip_tracking":false,"_monsterinsights_sitenote_active":false,"_monsterinsights_sitenote_note":"","_monsterinsights_sitenote_category":0},"product_cat":[218],"product_tag":[],"_links":{"self":[{"href":"https:\/\/www.fabrazi.com\/ar\/wp-json\/wp\/v2\/product\/5007"}],"collection":[{"href":"https:\/\/www.fabrazi.com\/ar\/wp-json\/wp\/v2\/product"}],"about":[{"href":"https:\/\/www.fabrazi.com\/ar\/wp-json\/wp\/v2\/types\/product"}],"wp:featuredmedia":[{"embeddable":true,"href":"https:\/\/www.fabrazi.com\/ar\/wp-json\/wp\/v2\/media\/5008"}],"wp:attachment":[{"href":"https:\/\/www.fabrazi.com\/ar\/wp-json\/wp\/v2\/media?parent=5007"}],"wp:term":[{"taxonomy":"product_cat","embeddable":true,"href":"https:\/\/www.fabrazi.com\/ar\/wp-json\/wp\/v2\/product_cat?post=5007"},{"taxonomy":"product_tag","embeddable":true,"href":"https:\/\/www.fabrazi.com\/ar\/wp-json\/wp\/v2\/product_tag?post=5007"}],"curies":[{"name":"wp","href":"https:\/\/api.w.org\/{rel}","templated":true}]}}