{"id":4679,"date":"2021-04-03T13:12:12","date_gmt":"2021-04-03T13:12:12","guid":{"rendered":"https:\/\/www.fabrazi.com\/?page_id=4679"},"modified":"2021-04-03T13:12:12","modified_gmt":"2021-04-03T13:12:12","slug":"about-us","status":"publish","type":"page","link":"https:\/\/www.fabrazi.com\/es\/about-us\/","title":{"rendered":"SOBRE NOSOTROS"},"content":{"rendered":"<div data-elementor-type=\"wp-post\" data-elementor-id=\"4679\" class=\"elementor elementor-4679\" data-elementor-settings=\"[]\">\n\t\t\t\t\t\t\t<div class=\"elementor-section-wrap\">\n\t\t\t\t\t\t\t<section class=\"elementor-section elementor-top-section elementor-element elementor-element-fe7de36 elementor-section-boxed elementor-section-height-default elementor-section-height-default\" data-id=\"fe7de36\" data-element_type=\"section\">\n\t\t\t\n\t\t\t\t\t\t\t\t\t<div class=\"elementor-container elementor-column-gap-default\">\n\t\t\t\t\t\t\t\t\t\t\t<div class=\"elementor-column elementor-col-100 elementor-top-column elementor-element elementor-element-c0df2c6\" data-id=\"c0df2c6\" data-element_type=\"column\">\n\n\t\t\t\t\t<div class=\"elementor-widget-wrap elementor-element-populated\">\n\t\t\t\t\t\t\t\t<div class=\"elementor-element elementor-element-0b56226 elementor-widget elementor-widget-heading\" data-id=\"0b56226\" data-element_type=\"widget\" data-settings=\"{&quot;_transform_transition_hover&quot;:{&quot;unit&quot;:&quot;px&quot;,&quot;size&quot;:&quot;&quot;,&quot;sizes&quot;:[]}}\" data-widget_type=\"heading.default\">\n\t\t\t\t<div class=\"elementor-widget-container\">\n\t\t\t<h2 class=\"elementor-heading-title elementor-size-default\">NUESTRA HISTORIA<\/h2>\t\t<\/div>\n\t\t\t\t<\/div>\n\t\t\t\t<div class=\"elementor-element elementor-element-08791d8 elementor-widget elementor-widget-text-editor\" data-id=\"08791d8\" data-element_type=\"widget\" data-settings=\"{&quot;_transform_transition_hover&quot;:{&quot;unit&quot;:&quot;px&quot;,&quot;size&quot;:&quot;&quot;,&quot;sizes&quot;:[]}}\" data-widget_type=\"text-editor.default\">\n\t\t\t\t<div class=\"elementor-widget-container\">\n\t\t\t\t\t\t\t<p class=\" translation-block\">Fabrazi Hydraulic & Automotive Co. fabrica sus productos para los sectores hidr\u00e1ulico y automoci\u00f3n.\nContamos con una amplia gama de equipos hidr\u00e1ulicos para camiones, gr\u00faas, compactadores de basura y veh\u00edculos industriales  como \"PTO\" (toma de fuerza), bombas hidr\u00e1ulicas, v\u00e1lvulas hidr\u00e1ulicas, motores hidr\u00e1ulicos, tanques de aceite hidr\u00e1ulico,accesorios, cilindros telesc\u00f3picos y cilindros doble efectos,fuentes de energias, equipos de control neum\u00e1ticos e hidr\u00e1ulicos y otras partes hidr\u00e1ulicas\" para todas las marcas y modelos de camiones y veh\u00edculos industriales.<\/p><p>Fabrazi se involucr\u00f3 en el sector de la automoci\u00f3n con ejes card\u00e1n y tiene como objetivo mejorar la gama de productos para el mercado de repuestos de<\/p><p>automoci\u00f3n con una amplia gama de productos con excelente precio y calidad\nTodos los productos fabricados por Fabrazi tienen 1 a\u00f1o de garant\u00eda contra defectos de fabricaci\u00f3n.<\/p><p>automoci\u00f3n con una amplia gama de productos con excelente precio y calidad\nTodos los productos fabricados por Fabrazi tienen 1 a\u00f1o de garant\u00eda contra defectos de fabricaci\u00f3n.<\/p><p><em>Quedarse con Fabrazi ...<\/em><\/p>\t\t\t\t\t\t<\/div>\n\t\t\t\t<\/div>\n\t\t\t\t\t<\/div>\n\t\t\t\t<\/div>\n\t\t\t\t\t\t<\/div>\n\t\t\t\t<\/section>\n\t\t\t\t\t\t<\/div>\n\t\t\t\t\t<\/div>","protected":false},"excerpt":{"rendered":"<p>OUR STORY Fabrazi Hydraulic &amp; Automotive Co. is providing and manufacturing its products for hydraulic and automotive sectors. We have a wide range of auxiliary hydraulic equipment for trucks , cranes , garbage compactors and industrial vehicles such as \u2018\u2019 PTO (Power take-off) , hydraulic pumps , hydraulic valves , hydraulic motors , hydraulic oil [&hellip;]<\/p>","protected":false},"author":1,"featured_media":0,"parent":0,"menu_order":0,"comment_status":"closed","ping_status":"closed","template":"","meta":{"_monsterinsights_skip_tracking":false,"_monsterinsights_sitenote_active":false,"_monsterinsights_sitenote_note":"","_monsterinsights_sitenote_category":0},"_links":{"self":[{"href":"https:\/\/www.fabrazi.com\/es\/wp-json\/wp\/v2\/pages\/4679"}],"collection":[{"href":"https:\/\/www.fabrazi.com\/es\/wp-json\/wp\/v2\/pages"}],"about":[{"href":"https:\/\/www.fabrazi.com\/es\/wp-json\/wp\/v2\/types\/page"}],"author":[{"embeddable":true,"href":"https:\/\/www.fabrazi.com\/es\/wp-json\/wp\/v2\/users\/1"}],"replies":[{"embeddable":true,"href":"https:\/\/www.fabrazi.com\/es\/wp-json\/wp\/v2\/comments?post=4679"}],"version-history":[{"count":1,"href":"https:\/\/www.fabrazi.com\/es\/wp-json\/wp\/v2\/pages\/4679\/revisions"}],"predecessor-version":[{"id":4684,"href":"https:\/\/www.fabrazi.com\/es\/wp-json\/wp\/v2\/pages\/4679\/revisions\/4684"}],"wp:attachment":[{"href":"https:\/\/www.fabrazi.com\/es\/wp-json\/wp\/v2\/media?parent=4679"}],"curies":[{"name":"wp","href":"https:\/\/api.w.org\/{rel}","templated":true}]}}