{"id":2993,"date":"2021-02-06T16:06:21","date_gmt":"2021-02-06T16:06:21","guid":{"rendered":"https:\/\/www.fabrazi.com\/?post_type=product&#038;p=2993"},"modified":"2024-10-23T13:19:10","modified_gmt":"2024-10-23T10:19:10","slug":"6-piston-pump-heavy-duty","status":"publish","type":"product","link":"https:\/\/www.fabrazi.com\/es\/shop\/6-piston-pump-heavy-duty\/","title":{"rendered":"6 Piston Pump (Heavy Duty)"},"content":{"rendered":"<table id=\"tablepress-15\" class=\"tablepress tablepress-id-15\">\n<thead>\n<tr class=\"row-1 odd\">\n\t<th class=\"column-1\">Code<\/th><th class=\"column-2\">Description<\/th><th class=\"column-3\">Displacement<br \/>\n(cc)<\/th><th class=\"column-4\">Rotation<\/th>\n<\/tr>\n<\/thead>\n<tbody class=\"row-hover\">\n<tr class=\"row-2 even\">\n\t<td class=\"column-1\">10604113E<\/td><td class=\"column-2\">6 PISTON PUMP 41 CC - ISO<br \/>\n(4 Hole)<\/td><td class=\"column-3\">41<\/td><td class=\"column-4\">Bi-Direction<\/td>\n<\/tr>\n<tr class=\"row-3 odd\">\n\t<td class=\"column-1\">10604123E<\/td><td class=\"column-2\">6 PISTON PUMP 41 CC - UNI <br \/>\n(3 Hole)<\/td><td class=\"column-3\">41<\/td><td class=\"column-4\">Bi-Direction<\/td>\n<\/tr>\n<tr class=\"row-4 even\">\n\t<td class=\"column-1\">10604913E<\/td><td class=\"column-2\">6 PISTON PUMP 49 CC - ISO <br \/>\n(4 Hole)<\/td><td class=\"column-3\">49<\/td><td class=\"column-4\">Bi-Direction<\/td>\n<\/tr>\n<tr class=\"row-5 odd\">\n\t<td class=\"column-1\">10604923E<\/td><td class=\"column-2\">6 PISTON PUMP 49 CC - UNI <br \/>\n(3 Hole)<\/td><td class=\"column-3\">49<\/td><td class=\"column-4\">Bi-Direction<\/td>\n<\/tr>\n<tr class=\"row-6 even\">\n\t<td class=\"column-1\">10605813E<\/td><td class=\"column-2\">6 PISTON PUMP 58 CC - ISO <br \/>\n(4 Hole)<\/td><td class=\"column-3\">58<\/td><td class=\"column-4\">Bi-Direction<\/td>\n<\/tr>\n<tr class=\"row-7 odd\">\n\t<td class=\"column-1\">10605823E<\/td><td class=\"column-2\">6 PISTON PUMP 58 CC - UNI <br \/>\n(3 Hole)<\/td><td class=\"column-3\">58<\/td><td class=\"column-4\">Bi-Direction<\/td>\n<\/tr>\n<\/tbody>\n<\/table>\n<!-- #tablepress-15 from cache -->\n<p><span style=\"font-size: 9px;\">piston pump, dumper pump, pump of tipper truck, pump for Crane truck, pump for garbage truck, Crane pump, bomba de piston, pistonlu pompa, damper pompas\u0131, vin\u00e7 pompas\u0131<\/span><\/p>","protected":false},"excerpt":{"rendered":"<p>piston pump, dumper pump, pump of tipper truck, pump for Crane truck, pump for garbage truck, Crane pump, bomba de piston, pistonlu pompa, damper pompas\u0131, vin\u00e7 pompas\u0131<\/p>","protected":false},"featured_media":4854,"template":"","meta":{"_monsterinsights_skip_tracking":false,"_monsterinsights_sitenote_active":false,"_monsterinsights_sitenote_note":"","_monsterinsights_sitenote_category":0},"product_cat":[220],"product_tag":[],"_links":{"self":[{"href":"https:\/\/www.fabrazi.com\/es\/wp-json\/wp\/v2\/product\/2993"}],"collection":[{"href":"https:\/\/www.fabrazi.com\/es\/wp-json\/wp\/v2\/product"}],"about":[{"href":"https:\/\/www.fabrazi.com\/es\/wp-json\/wp\/v2\/types\/product"}],"wp:featuredmedia":[{"embeddable":true,"href":"https:\/\/www.fabrazi.com\/es\/wp-json\/wp\/v2\/media\/4854"}],"wp:attachment":[{"href":"https:\/\/www.fabrazi.com\/es\/wp-json\/wp\/v2\/media?parent=2993"}],"wp:term":[{"taxonomy":"product_cat","embeddable":true,"href":"https:\/\/www.fabrazi.com\/es\/wp-json\/wp\/v2\/product_cat?post=2993"},{"taxonomy":"product_tag","embeddable":true,"href":"https:\/\/www.fabrazi.com\/es\/wp-json\/wp\/v2\/product_tag?post=2993"}],"curies":[{"name":"wp","href":"https:\/\/api.w.org\/{rel}","templated":true}]}}