{"id":4211,"date":"2021-02-22T19:56:32","date_gmt":"2021-02-22T19:56:32","guid":{"rendered":"https:\/\/www.fabrazi.com\/?post_type=product&#038;p=4211"},"modified":"2024-11-12T13:37:46","modified_gmt":"2024-11-12T10:37:46","slug":"iso-4-hole","status":"publish","type":"product","link":"https:\/\/www.fabrazi.com\/es\/shop\/iso-4-hole\/","title":{"rendered":"GEAR PUMP ISO (4 Hole)"},"content":{"rendered":"<table id=\"tablepress-230\" class=\"tablepress tablepress-id-230\">\n<thead>\n<tr class=\"row-1 odd\">\n\t<th class=\"column-1\">Code<\/th><th class=\"column-2\">Description<\/th><th class=\"column-3\">Displacement<br \/>\n(cc)<\/th><th class=\"column-4\">Rotation<\/th>\n<\/tr>\n<\/thead>\n<tbody class=\"row-hover\">\n<tr class=\"row-2 even\">\n\t<td class=\"column-1\">23506013<\/td><td class=\"column-2\">35-60 CC GEAR PUMP , ISO (4 Hole)<\/td><td class=\"column-3\">60<\/td><td class=\"column-4\">Bi-Direction<\/td>\n<\/tr>\n<tr class=\"row-3 odd\">\n\t<td class=\"column-1\">23506011<\/td><td class=\"column-2\">35-60 CC GEAR PUMP , ISO (4 Hole)<\/td><td class=\"column-3\">60<\/td><td class=\"column-4\">Left<\/td>\n<\/tr>\n<tr class=\"row-4 even\">\n\t<td class=\"column-1\">23506012<\/td><td class=\"column-2\">35-60 CC GEAR PUMP , ISO (4 Hole)<\/td><td class=\"column-3\">60<\/td><td class=\"column-4\">Right<\/td>\n<\/tr>\n<tr class=\"row-5 odd\">\n\t<td class=\"column-1\">23509013<\/td><td class=\"column-2\">35-90 CC GEAR PUMP , ISO (4 Hole)<\/td><td class=\"column-3\">90<\/td><td class=\"column-4\">Bi-Direction<\/td>\n<\/tr>\n<tr class=\"row-6 even\">\n\t<td class=\"column-1\">23509011<\/td><td class=\"column-2\">35-90 CC GEAR PUMP , ISO (4 Hole)<\/td><td class=\"column-3\">90<\/td><td class=\"column-4\">Left<\/td>\n<\/tr>\n<tr class=\"row-7 odd\">\n\t<td class=\"column-1\">23509012<\/td><td class=\"column-2\">35-90 CC GEAR PUMP , ISO (4 Hole)<\/td><td class=\"column-3\">90<\/td><td class=\"column-4\">Right<\/td>\n<\/tr>\n<tr class=\"row-8 even\">\n\t<td class=\"column-1\">23511013<\/td><td class=\"column-2\">35-110 CC GEAR PUMP , ISO (4 Hole)<\/td><td class=\"column-3\">110<\/td><td class=\"column-4\">Bi-Direction<\/td>\n<\/tr>\n<tr class=\"row-9 odd\">\n\t<td class=\"column-1\">23511011<\/td><td class=\"column-2\">35-110 CC GEAR PUMP , ISO (4 Hole)<\/td><td class=\"column-3\">110<\/td><td class=\"column-4\">Left<\/td>\n<\/tr>\n<tr class=\"row-10 even\">\n\t<td class=\"column-1\">23511012<\/td><td class=\"column-2\">35-110 CC GEAR PUMP , ISO (4 Hole)<\/td><td class=\"column-3\">110<\/td><td class=\"column-4\">Right<\/td>\n<\/tr>\n<\/tbody>\n<\/table>\n<!-- #tablepress-230 from cache -->\n<p><span style=\"font-size: 9px;\">piston pump, dumper pump, pump of tipper truck, pump for Crane truck, pump for garbage truck, Crane pump, bomba de piston, pistonlu pompa, damper pompas\u0131, vin\u00e7 pompas\u0131<\/span><\/p>","protected":false},"excerpt":{"rendered":"<p>piston pump, dumper pump, pump of tipper truck, pump for Crane truck, pump for garbage truck, Crane pump, bomba de piston, pistonlu pompa, damper pompas\u0131, vin\u00e7 pompas\u0131<\/p>","protected":false},"featured_media":2997,"template":"","meta":{"_monsterinsights_skip_tracking":false,"_monsterinsights_sitenote_active":false,"_monsterinsights_sitenote_note":"","_monsterinsights_sitenote_category":0},"product_cat":[193],"product_tag":[],"_links":{"self":[{"href":"https:\/\/www.fabrazi.com\/es\/wp-json\/wp\/v2\/product\/4211"}],"collection":[{"href":"https:\/\/www.fabrazi.com\/es\/wp-json\/wp\/v2\/product"}],"about":[{"href":"https:\/\/www.fabrazi.com\/es\/wp-json\/wp\/v2\/types\/product"}],"wp:featuredmedia":[{"embeddable":true,"href":"https:\/\/www.fabrazi.com\/es\/wp-json\/wp\/v2\/media\/2997"}],"wp:attachment":[{"href":"https:\/\/www.fabrazi.com\/es\/wp-json\/wp\/v2\/media?parent=4211"}],"wp:term":[{"taxonomy":"product_cat","embeddable":true,"href":"https:\/\/www.fabrazi.com\/es\/wp-json\/wp\/v2\/product_cat?post=4211"},{"taxonomy":"product_tag","embeddable":true,"href":"https:\/\/www.fabrazi.com\/es\/wp-json\/wp\/v2\/product_tag?post=4211"}],"curies":[{"name":"wp","href":"https:\/\/api.w.org\/{rel}","templated":true}]}}