{"id":5011,"date":"2024-10-24T14:45:49","date_gmt":"2024-10-24T11:45:49","guid":{"rendered":"https:\/\/www.fabrazi.com\/?post_type=product&#038;p=5011"},"modified":"2024-11-12T13:42:49","modified_gmt":"2024-11-12T10:42:49","slug":"iso-4-hole-3","status":"publish","type":"product","link":"https:\/\/www.fabrazi.com\/es\/shop\/iso-4-hole-3\/","title":{"rendered":"GEAR PUMP ISO (4 HOLE)"},"content":{"rendered":"<p>&nbsp;<\/p>\n<table id=\"tablepress-11-no-2\" class=\"tablepress tablepress-id-11 dataTable no-footer\" role=\"grid\">\n<thead>\n<tr class=\"row-1 odd\" role=\"row\">\n<th class=\"column-1 sorting_disabled\" colspan=\"1\" rowspan=\"1\">Code<\/th>\n<th class=\"column-2 sorting_disabled\" colspan=\"1\" rowspan=\"1\">Description<\/th>\n<th class=\"column-3 sorting_disabled\" colspan=\"1\" rowspan=\"1\">Displacement<br \/>\n(cc)<\/th>\n<th class=\"column-4 sorting_disabled\" colspan=\"1\" rowspan=\"1\">Rotation<\/th>\n<\/tr>\n<\/thead>\n<tbody class=\"row-hover\">\n<tr class=\"row-2 even\">\n<td class=\"column-1\">22000613<\/td>\n<td class=\"column-2\">6 CC BENT AXIS PISTON PUMP<\/td>\n<td class=\"column-3\">6 cc<\/td>\n<td class=\"column-4\">Bi-Direction<\/td>\n<\/tr>\n<tr class=\"row-3 odd\">\n<td class=\"column-1\">22001013<\/td>\n<td class=\"column-2\">10 CC BENT AXIS PISTON PUMP<\/td>\n<td class=\"column-3\">10 cc<\/td>\n<td class=\"column-4\">Bi-Direction<\/td>\n<\/tr>\n<tr class=\"row-4 even\">\n<td class=\"column-1\">22001613<\/td>\n<td class=\"column-2\">16 CC BENT AXIS PISTON PUMP<\/td>\n<td class=\"column-3\">16 cc<\/td>\n<td class=\"column-4\">Bi-Direction<\/td>\n<\/tr>\n<tr class=\"row-5 odd\">\n<td class=\"column-1\">22002013<\/td>\n<td class=\"column-2\">20 CC BENT AXIS PISTON PUMP<\/td>\n<td class=\"column-3\">20 cc<\/td>\n<td class=\"column-4\">Bi-Direction<\/td>\n<\/tr>\n<tr class=\"row-6 even\">\n<td class=\"column-1\">22002513<\/td>\n<td class=\"column-2\">25 CC BENT AXIS PISTON PUMP<\/td>\n<td class=\"column-3\">25 cc<\/td>\n<td class=\"column-4\">Bi-Direction<\/td>\n<\/tr>\n<tr class=\"row-7 odd\">\n<td class=\"column-1\">22003213<\/td>\n<td class=\"column-2\">32 CC BENT AXIS PISTON PUMP<\/td>\n<td class=\"column-3\">32 cc<\/td>\n<td class=\"column-4\">Bi-Direction<\/td>\n<\/tr>\n<tr class=\"row-8 even\">\n<td class=\"column-1\">22004013<\/td>\n<td class=\"column-2\">40 CC BENT AXIS PISTON PUMP<\/td>\n<td class=\"column-3\">40 cc<\/td>\n<td class=\"column-4\">Bi-Direction<\/td>\n<\/tr>\n<\/tbody>\n<\/table>\n<p><span style=\"font-size: 9px;\">piston pump, dumper pump, pump of tipper truck, pump for Crane truck, pump for garbage truck, Crane pump, bomba de piston, pistonlu pompa, damper pompas\u0131, vin\u00e7 pompas\u0131<\/span><\/p>","protected":false},"excerpt":{"rendered":"<p>&nbsp; Code Description Displacement (cc) Rotation 22000613 6 CC BENT AXIS PISTON PUMP 6 cc Bi-Direction 22001013 10 CC BENT AXIS PISTON PUMP 10 cc Bi-Direction 22001613 16 CC BENT AXIS PISTON PUMP 16 cc Bi-Direction 22002013 20 CC BENT AXIS PISTON PUMP 20 cc Bi-Direction 22002513 25 CC BENT AXIS PISTON PUMP 25 cc [&hellip;]<\/p>","protected":false},"featured_media":5012,"template":"","meta":{"_monsterinsights_skip_tracking":false,"_monsterinsights_sitenote_active":false,"_monsterinsights_sitenote_note":"","_monsterinsights_sitenote_category":0},"product_cat":[281],"product_tag":[],"_links":{"self":[{"href":"https:\/\/www.fabrazi.com\/es\/wp-json\/wp\/v2\/product\/5011"}],"collection":[{"href":"https:\/\/www.fabrazi.com\/es\/wp-json\/wp\/v2\/product"}],"about":[{"href":"https:\/\/www.fabrazi.com\/es\/wp-json\/wp\/v2\/types\/product"}],"wp:featuredmedia":[{"embeddable":true,"href":"https:\/\/www.fabrazi.com\/es\/wp-json\/wp\/v2\/media\/5012"}],"wp:attachment":[{"href":"https:\/\/www.fabrazi.com\/es\/wp-json\/wp\/v2\/media?parent=5011"}],"wp:term":[{"taxonomy":"product_cat","embeddable":true,"href":"https:\/\/www.fabrazi.com\/es\/wp-json\/wp\/v2\/product_cat?post=5011"},{"taxonomy":"product_tag","embeddable":true,"href":"https:\/\/www.fabrazi.com\/es\/wp-json\/wp\/v2\/product_tag?post=5011"}],"curies":[{"name":"wp","href":"https:\/\/api.w.org\/{rel}","templated":true}]}}